{"id":301,"date":"2023-02-08T12:45:56","date_gmt":"2023-02-08T11:45:56","guid":{"rendered":"http:\/\/aceffsa.idiscit.com\/politica-de-proteccion-de-datos\/"},"modified":"2023-04-11T08:57:13","modified_gmt":"2023-04-11T07:57:13","slug":"politica-de-proteccion-de-datos","status":"publish","type":"page","link":"https:\/\/www.aceffsa.es\/es\/politica-de-proteccion-de-datos\/","title":{"rendered":"Pol\u00edtica de protecci\u00f3n de datos"},"content":{"rendered":"","protected":false},"excerpt":{"rendered":"","protected":false},"author":1,"featured_media":0,"parent":0,"menu_order":0,"comment_status":"closed","ping_status":"closed","template":"","meta":{"footnotes":""},"class_list":["post-301","page","type-page","status-publish","hentry"],"yoast_head":"<!-- This site is optimized with the Yoast SEO plugin v27.3 - https:\/\/yoast.com\/product\/yoast-seo-wordpress\/ -->\n<title>Pol\u00edtica de protecci\u00f3n de datos - ACEFFSA<\/title>\n<meta name=\"description\" content=\"Pol\u00edtica de protecci\u00f3n de datos de la web de ACEFFSA, Asesor\u00eda y Consultor\u00eda de Empresas.\" \/>\n<meta name=\"robots\" content=\"index, follow, max-snippet:-1, max-image-preview:large, max-video-preview:-1\" \/>\n<link rel=\"canonical\" href=\"https:\/\/www.aceffsa.es\/es\/politica-de-proteccion-de-datos\/\" \/>\n<meta property=\"og:locale\" content=\"es_ES\" \/>\n<meta property=\"og:type\" content=\"article\" \/>\n<meta property=\"og:title\" content=\"Pol\u00edtica de protecci\u00f3n de datos - ACEFFSA\" \/>\n<meta property=\"og:description\" content=\"Pol\u00edtica de protecci\u00f3n de datos de la web de ACEFFSA, Asesor\u00eda y Consultor\u00eda de Empresas.\" \/>\n<meta property=\"og:url\" content=\"https:\/\/www.aceffsa.es\/es\/politica-de-proteccion-de-datos\/\" \/>\n<meta property=\"og:site_name\" content=\"Assessoria i Consultoria d&#039;Empreses | ACEFFSA\" \/>\n<meta property=\"article:modified_time\" content=\"2023-04-11T07:57:13+00:00\" \/>\n<meta name=\"twitter:card\" content=\"summary_large_image\" \/>\n<script type=\"application\/ld+json\" class=\"yoast-schema-graph\">{\"@context\":\"https:\\\/\\\/schema.org\",\"@graph\":[{\"@type\":\"WebPage\",\"@id\":\"https:\\\/\\\/www.aceffsa.es\\\/es\\\/politica-de-proteccion-de-datos\\\/\",\"url\":\"https:\\\/\\\/www.aceffsa.es\\\/es\\\/politica-de-proteccion-de-datos\\\/\",\"name\":\"Pol\u00edtica de protecci\u00f3n de datos - ACEFFSA\",\"isPartOf\":{\"@id\":\"https:\\\/\\\/www.aceffsa.es\\\/es\\\/#website\"},\"datePublished\":\"2023-02-08T11:45:56+00:00\",\"dateModified\":\"2023-04-11T07:57:13+00:00\",\"description\":\"Pol\u00edtica de protecci\u00f3n de datos de la web de ACEFFSA, Asesor\u00eda y Consultor\u00eda de Empresas.\",\"breadcrumb\":{\"@id\":\"https:\\\/\\\/www.aceffsa.es\\\/es\\\/politica-de-proteccion-de-datos\\\/#breadcrumb\"},\"inLanguage\":\"es\",\"potentialAction\":[{\"@type\":\"ReadAction\",\"target\":[\"https:\\\/\\\/www.aceffsa.es\\\/es\\\/politica-de-proteccion-de-datos\\\/\"]}]},{\"@type\":\"BreadcrumbList\",\"@id\":\"https:\\\/\\\/www.aceffsa.es\\\/es\\\/politica-de-proteccion-de-datos\\\/#breadcrumb\",\"itemListElement\":[{\"@type\":\"ListItem\",\"position\":1,\"name\":\"Inici\",\"item\":\"https:\\\/\\\/www.aceffsa.es\\\/es\\\/\"},{\"@type\":\"ListItem\",\"position\":2,\"name\":\"Pol\u00edtica de protecci\u00f3n de datos\"}]},{\"@type\":\"WebSite\",\"@id\":\"https:\\\/\\\/www.aceffsa.es\\\/es\\\/#website\",\"url\":\"https:\\\/\\\/www.aceffsa.es\\\/es\\\/\",\"name\":\"Assessoria i Consultoria d'Empreses\",\"description\":\"30 anys d&#039;Experi\u00e8ncia en assessorament empresarial, avalen i garanteixen la qualitat i efic\u00e0cia dels nostres serveis.\",\"publisher\":{\"@id\":\"https:\\\/\\\/www.aceffsa.es\\\/es\\\/#organization\"},\"potentialAction\":[{\"@type\":\"SearchAction\",\"target\":{\"@type\":\"EntryPoint\",\"urlTemplate\":\"https:\\\/\\\/www.aceffsa.es\\\/es\\\/?s={search_term_string}\"},\"query-input\":{\"@type\":\"PropertyValueSpecification\",\"valueRequired\":true,\"valueName\":\"search_term_string\"}}],\"inLanguage\":\"es\"},{\"@type\":\"Organization\",\"@id\":\"https:\\\/\\\/www.aceffsa.es\\\/es\\\/#organization\",\"name\":\"ACEFFSA\",\"url\":\"https:\\\/\\\/www.aceffsa.es\\\/es\\\/\",\"logo\":{\"@type\":\"ImageObject\",\"inLanguage\":\"es\",\"@id\":\"https:\\\/\\\/www.aceffsa.es\\\/es\\\/#\\\/schema\\\/logo\\\/image\\\/\",\"url\":\"http:\\\/\\\/aceffsa.idiscit.com\\\/wp-content\\\/uploads\\\/Logo_aceffsa.png\",\"contentUrl\":\"http:\\\/\\\/aceffsa.idiscit.com\\\/wp-content\\\/uploads\\\/Logo_aceffsa.png\",\"width\":1385,\"height\":364,\"caption\":\"ACEFFSA\"},\"image\":{\"@id\":\"https:\\\/\\\/www.aceffsa.es\\\/es\\\/#\\\/schema\\\/logo\\\/image\\\/\"}}]}<\/script>\n<!-- \/ Yoast SEO plugin. -->","yoast_head_json":{"title":"Pol\u00edtica de protecci\u00f3n de datos - ACEFFSA","description":"Pol\u00edtica de protecci\u00f3n de datos de la web de ACEFFSA, Asesor\u00eda y Consultor\u00eda de Empresas.","robots":{"index":"index","follow":"follow","max-snippet":"max-snippet:-1","max-image-preview":"max-image-preview:large","max-video-preview":"max-video-preview:-1"},"canonical":"https:\/\/www.aceffsa.es\/es\/politica-de-proteccion-de-datos\/","og_locale":"es_ES","og_type":"article","og_title":"Pol\u00edtica de protecci\u00f3n de datos - ACEFFSA","og_description":"Pol\u00edtica de protecci\u00f3n de datos de la web de ACEFFSA, Asesor\u00eda y Consultor\u00eda de Empresas.","og_url":"https:\/\/www.aceffsa.es\/es\/politica-de-proteccion-de-datos\/","og_site_name":"Assessoria i Consultoria d&#039;Empreses | ACEFFSA","article_modified_time":"2023-04-11T07:57:13+00:00","twitter_card":"summary_large_image","schema":{"@context":"https:\/\/schema.org","@graph":[{"@type":"WebPage","@id":"https:\/\/www.aceffsa.es\/es\/politica-de-proteccion-de-datos\/","url":"https:\/\/www.aceffsa.es\/es\/politica-de-proteccion-de-datos\/","name":"Pol\u00edtica de protecci\u00f3n de datos - ACEFFSA","isPartOf":{"@id":"https:\/\/www.aceffsa.es\/es\/#website"},"datePublished":"2023-02-08T11:45:56+00:00","dateModified":"2023-04-11T07:57:13+00:00","description":"Pol\u00edtica de protecci\u00f3n de datos de la web de ACEFFSA, Asesor\u00eda y Consultor\u00eda de Empresas.","breadcrumb":{"@id":"https:\/\/www.aceffsa.es\/es\/politica-de-proteccion-de-datos\/#breadcrumb"},"inLanguage":"es","potentialAction":[{"@type":"ReadAction","target":["https:\/\/www.aceffsa.es\/es\/politica-de-proteccion-de-datos\/"]}]},{"@type":"BreadcrumbList","@id":"https:\/\/www.aceffsa.es\/es\/politica-de-proteccion-de-datos\/#breadcrumb","itemListElement":[{"@type":"ListItem","position":1,"name":"Inici","item":"https:\/\/www.aceffsa.es\/es\/"},{"@type":"ListItem","position":2,"name":"Pol\u00edtica de protecci\u00f3n de datos"}]},{"@type":"WebSite","@id":"https:\/\/www.aceffsa.es\/es\/#website","url":"https:\/\/www.aceffsa.es\/es\/","name":"Assessoria i Consultoria d'Empreses","description":"30 anys d&#039;Experi\u00e8ncia en assessorament empresarial, avalen i garanteixen la qualitat i efic\u00e0cia dels nostres serveis.","publisher":{"@id":"https:\/\/www.aceffsa.es\/es\/#organization"},"potentialAction":[{"@type":"SearchAction","target":{"@type":"EntryPoint","urlTemplate":"https:\/\/www.aceffsa.es\/es\/?s={search_term_string}"},"query-input":{"@type":"PropertyValueSpecification","valueRequired":true,"valueName":"search_term_string"}}],"inLanguage":"es"},{"@type":"Organization","@id":"https:\/\/www.aceffsa.es\/es\/#organization","name":"ACEFFSA","url":"https:\/\/www.aceffsa.es\/es\/","logo":{"@type":"ImageObject","inLanguage":"es","@id":"https:\/\/www.aceffsa.es\/es\/#\/schema\/logo\/image\/","url":"http:\/\/aceffsa.idiscit.com\/wp-content\/uploads\/Logo_aceffsa.png","contentUrl":"http:\/\/aceffsa.idiscit.com\/wp-content\/uploads\/Logo_aceffsa.png","width":1385,"height":364,"caption":"ACEFFSA"},"image":{"@id":"https:\/\/www.aceffsa.es\/es\/#\/schema\/logo\/image\/"}}]}},"_links":{"self":[{"href":"https:\/\/www.aceffsa.es\/es\/wp-json\/wp\/v2\/pages\/301","targetHints":{"allow":["GET"]}}],"collection":[{"href":"https:\/\/www.aceffsa.es\/es\/wp-json\/wp\/v2\/pages"}],"about":[{"href":"https:\/\/www.aceffsa.es\/es\/wp-json\/wp\/v2\/types\/page"}],"author":[{"embeddable":true,"href":"https:\/\/www.aceffsa.es\/es\/wp-json\/wp\/v2\/users\/1"}],"replies":[{"embeddable":true,"href":"https:\/\/www.aceffsa.es\/es\/wp-json\/wp\/v2\/comments?post=301"}],"version-history":[{"count":1,"href":"https:\/\/www.aceffsa.es\/es\/wp-json\/wp\/v2\/pages\/301\/revisions"}],"predecessor-version":[{"id":323,"href":"https:\/\/www.aceffsa.es\/es\/wp-json\/wp\/v2\/pages\/301\/revisions\/323"}],"wp:attachment":[{"href":"https:\/\/www.aceffsa.es\/es\/wp-json\/wp\/v2\/media?parent=301"}],"curies":[{"name":"wp","href":"https:\/\/api.w.org\/{rel}","templated":true}]}}